{"id":1028,"date":"2024-03-11T13:57:31","date_gmt":"2024-03-11T12:57:31","guid":{"rendered":"https:\/\/laveudeferro.com\/accessibility\/"},"modified":"2024-03-27T07:45:07","modified_gmt":"2024-03-27T06:45:07","slug":"accessibility","status":"publish","type":"page","link":"https:\/\/laveudeferro.com\/en\/accessibility\/","title":{"rendered":"Accessibility"},"content":{"rendered":"\t\t<div data-elementor-type=\"wp-page\" data-elementor-id=\"1028\" class=\"elementor elementor-1028 elementor-463\" data-elementor-post-type=\"page\">\n\t\t\t\t<div class=\"elementor-element elementor-element-d02d2d1 e-flex e-con-boxed e-con e-parent\" data-id=\"d02d2d1\" data-element_type=\"container\" data-settings=\"{&quot;background_background&quot;:&quot;classic&quot;}\" data-core-v316-plus=\"true\">\n\t\t\t\t\t<div class=\"e-con-inner\">\n\t\t\t\t\t<\/div>\n\t\t\t\t<\/div>\n\t\t<div class=\"elementor-element elementor-element-6a7c0b8 e-flex e-con-boxed e-con e-parent\" data-id=\"6a7c0b8\" data-element_type=\"container\" data-core-v316-plus=\"true\">\n\t\t\t\t\t<div class=\"e-con-inner\">\n\t\t\t\t<div class=\"elementor-element elementor-element-56ee7e1 elementor-widget elementor-widget-heading\" data-id=\"56ee7e1\" data-element_type=\"widget\" data-widget_type=\"heading.default\">\n\t\t\t\t<div class=\"elementor-widget-container\">\n\t\t\t<style>\/*! elementor - v3.20.0 - 26-03-2024 *\/\n.elementor-heading-title{padding:0;margin:0;line-height:1}.elementor-widget-heading .elementor-heading-title[class*=elementor-size-]>a{color:inherit;font-size:inherit;line-height:inherit}.elementor-widget-heading .elementor-heading-title.elementor-size-small{font-size:15px}.elementor-widget-heading .elementor-heading-title.elementor-size-medium{font-size:19px}.elementor-widget-heading .elementor-heading-title.elementor-size-large{font-size:29px}.elementor-widget-heading .elementor-heading-title.elementor-size-xl{font-size:39px}.elementor-widget-heading .elementor-heading-title.elementor-size-xxl{font-size:59px}<\/style><h1 class=\"elementor-heading-title elementor-size-default\">Accessibility<\/h1>\t\t<\/div>\n\t\t\t\t<\/div>\n\t\t\t\t<div class=\"elementor-element elementor-element-3eb5570 elementor-widget elementor-widget-text-editor\" data-id=\"3eb5570\" data-element_type=\"widget\" data-widget_type=\"text-editor.default\">\n\t\t\t\t<div class=\"elementor-widget-container\">\n\t\t\t<style>\/*! elementor - v3.20.0 - 26-03-2024 *\/\n.elementor-widget-text-editor.elementor-drop-cap-view-stacked .elementor-drop-cap{background-color:#69727d;color:#fff}.elementor-widget-text-editor.elementor-drop-cap-view-framed .elementor-drop-cap{color:#69727d;border:3px solid;background-color:transparent}.elementor-widget-text-editor:not(.elementor-drop-cap-view-default) .elementor-drop-cap{margin-top:8px}.elementor-widget-text-editor:not(.elementor-drop-cap-view-default) .elementor-drop-cap-letter{width:1em;height:1em}.elementor-widget-text-editor .elementor-drop-cap{float:left;text-align:center;line-height:1;font-size:50px}.elementor-widget-text-editor .elementor-drop-cap-letter{display:inline-block}<\/style>\t\t\t\tQueremos que todo el mundo que visite la web de La Veu de Ferro se sienta bienvenido y encuentre la experiencia gratificante.<br><br>\n\n\u00bfQu\u00e9 estamos haciendo?<br>\nPara ayudarnos a hacer de la web de La Veu de Ferro un sitio positivo para todos, hemos estado utilizando las Directrices de accesibilidad al contenido web (WCAG) 2.1. Estas directrices explican c\u00f3mo hacer que el contenido web sea m\u00e1s accesible para personas con discapacidad y f\u00e1cil de utilizar para todos. Las directrices tienen tres niveles de accesibilidad (A, AA y AAA). Hemos escogido el nivel AA como objetivo de la web de La Veu de Ferro.<br><br>\n\n\u00bfC\u00f3mo lo hacemos?<br>\nHemos trabajado mucho en la web de La Veu de Ferro y creemos que hemos conseguido nuestro objetivo de accesibilidad de nivel AA. Supervisamos el sitio web peri\u00f3dicamente para mantenerlo, pero si encuentra alg\u00fan problema, p\u00f3ngase en contacto.<br><br>\n\nH\u00e1ganos saber qu\u00e9 le parece<br>\nSi le ha gustado utilizar la web de La Veu de Ferro, o si ha tenido problemas con alguna parte de ella, p\u00f3ngase en contacto. Nos gustar\u00eda recibir noticias suyas de cualquiera de las siguientes formas:<br><br>\n\nenv\u00edanos un correo electr\u00f3nico a info@laveudeferro.com<br>\nll\u00e1manos al 683609308<br>\nponte en contacto en <a style=\"text-align: var(--text-align); background-color: #; color:black\" href=\"https:\/\/laveudeferro.com\/contacto\/\" target=\"_blank\" rel=\"noopener\">https:\/\/laveudeferro.com\/contacto<\/a>\t\t\t\t\t\t<\/div>\n\t\t\t\t<\/div>\n\t\t\t\t\t<\/div>\n\t\t\t\t<\/div>\n\t\t\t\t<\/div>\n\t\t","protected":false},"excerpt":{"rendered":"<p>Accessibility Queremos que todo el mundo que visite la web de La Veu de Ferro se sienta bienvenido y encuentre la experiencia gratificante. \u00bfQu\u00e9 estamos haciendo? Para ayudarnos a hacer de la web de La Veu de Ferro un sitio positivo para todos, hemos estado utilizando las Directrices de accesibilidad al contenido web (WCAG) 2.1. [&hellip;]<\/p>\n","protected":false},"author":1,"featured_media":0,"parent":0,"menu_order":0,"comment_status":"closed","ping_status":"closed","template":"","meta":{"_acf_changed":false,"footnotes":""},"acf":[],"yoast_head":"<!-- This site is optimized with the Yoast SEO plugin v22.4 - https:\/\/yoast.com\/wordpress\/plugins\/seo\/ -->\n<title>Accessibility - La Veu de Ferro<\/title>\n<meta name=\"description\" content=\"Estudio y escuela de doblaje con d\u00e9cadas de experiencia en el sector. Doblamos pel\u00edculas, documentales, audiolibros, v\u00eddeos corporativos, voice over, y mucho m\u00e1s.\" \/>\n<meta name=\"robots\" content=\"index, follow, max-snippet:-1, max-image-preview:large, max-video-preview:-1\" \/>\n<link rel=\"canonical\" href=\"https:\/\/laveudeferro.com\/en\/accessibility\/\" \/>\n<meta property=\"og:locale\" content=\"en_US\" \/>\n<meta property=\"og:type\" content=\"article\" \/>\n<meta property=\"og:title\" content=\"Accessibility - La Veu de Ferro\" \/>\n<meta property=\"og:description\" content=\"Estudio y escuela de doblaje con d\u00e9cadas de experiencia en el sector. Doblamos pel\u00edculas, documentales, audiolibros, v\u00eddeos corporativos, voice over, y mucho m\u00e1s.\" \/>\n<meta property=\"og:url\" content=\"https:\/\/laveudeferro.com\/en\/accessibility\/\" \/>\n<meta property=\"og:site_name\" content=\"La Veu de Ferro\" \/>\n<meta property=\"article:modified_time\" content=\"2024-03-27T06:45:07+00:00\" \/>\n<meta property=\"og:image\" content=\"https:\/\/laveudeferro.com\/wp-content\/uploads\/2024\/02\/Logo_lletres_negre_sense_fons.png\" \/>\n\t<meta property=\"og:image:width\" content=\"702\" \/>\n\t<meta property=\"og:image:height\" content=\"355\" \/>\n\t<meta property=\"og:image:type\" content=\"image\/png\" \/>\n<meta name=\"twitter:card\" content=\"summary_large_image\" \/>\n<meta name=\"twitter:label1\" content=\"Est. reading time\" \/>\n\t<meta name=\"twitter:data1\" content=\"1 minute\" \/>\n<script type=\"application\/ld+json\" class=\"yoast-schema-graph\">{\"@context\":\"https:\/\/schema.org\",\"@graph\":[{\"@type\":\"WebPage\",\"@id\":\"https:\/\/laveudeferro.com\/en\/accessibility\/\",\"url\":\"https:\/\/laveudeferro.com\/en\/accessibility\/\",\"name\":\"Accessibility - La Veu de Ferro\",\"isPartOf\":{\"@id\":\"https:\/\/laveudeferro.com\/en\/#website\"},\"datePublished\":\"2024-03-11T12:57:31+00:00\",\"dateModified\":\"2024-03-27T06:45:07+00:00\",\"description\":\"Estudio y escuela de doblaje con d\u00e9cadas de experiencia en el sector. Doblamos pel\u00edculas, documentales, audiolibros, v\u00eddeos corporativos, voice over, y mucho m\u00e1s.\",\"breadcrumb\":{\"@id\":\"https:\/\/laveudeferro.com\/en\/accessibility\/#breadcrumb\"},\"inLanguage\":\"en-US\",\"potentialAction\":[{\"@type\":\"ReadAction\",\"target\":[\"https:\/\/laveudeferro.com\/en\/accessibility\/\"]}]},{\"@type\":\"BreadcrumbList\",\"@id\":\"https:\/\/laveudeferro.com\/en\/accessibility\/#breadcrumb\",\"itemListElement\":[{\"@type\":\"ListItem\",\"position\":1,\"name\":\"Portada\",\"item\":\"https:\/\/laveudeferro.com\/en\/home\/\"},{\"@type\":\"ListItem\",\"position\":2,\"name\":\"Accessibility\"}]},{\"@type\":\"WebSite\",\"@id\":\"https:\/\/laveudeferro.com\/en\/#website\",\"url\":\"https:\/\/laveudeferro.com\/en\/\",\"name\":\"La Veu de Ferro\",\"description\":\"Estudio y escuela de doblaje con d\u00e9cadas de experiencia en el sector.\",\"publisher\":{\"@id\":\"https:\/\/laveudeferro.com\/en\/#organization\"},\"alternateName\":\"La Veu de Ferro\",\"potentialAction\":[{\"@type\":\"SearchAction\",\"target\":{\"@type\":\"EntryPoint\",\"urlTemplate\":\"https:\/\/laveudeferro.com\/en\/?s={search_term_string}\"},\"query-input\":\"required name=search_term_string\"}],\"inLanguage\":\"en-US\"},{\"@type\":\"Organization\",\"@id\":\"https:\/\/laveudeferro.com\/en\/#organization\",\"name\":\"La Veu de Ferro\",\"alternateName\":\"La Veu de Ferro\",\"url\":\"https:\/\/laveudeferro.com\/en\/\",\"logo\":{\"@type\":\"ImageObject\",\"inLanguage\":\"en-US\",\"@id\":\"https:\/\/laveudeferro.com\/en\/#\/schema\/logo\/image\/\",\"url\":\"https:\/\/laveudeferro.com\/wp-content\/uploads\/2024\/02\/Logo_lletres_negre_sense_fons.png\",\"contentUrl\":\"https:\/\/laveudeferro.com\/wp-content\/uploads\/2024\/02\/Logo_lletres_negre_sense_fons.png\",\"width\":702,\"height\":355,\"caption\":\"La Veu de Ferro\"},\"image\":{\"@id\":\"https:\/\/laveudeferro.com\/en\/#\/schema\/logo\/image\/\"}}]}<\/script>\n<!-- \/ Yoast SEO plugin. -->","yoast_head_json":{"title":"Accessibility - La Veu de Ferro","description":"Estudio y escuela de doblaje con d\u00e9cadas de experiencia en el sector. Doblamos pel\u00edculas, documentales, audiolibros, v\u00eddeos corporativos, voice over, y mucho m\u00e1s.","robots":{"index":"index","follow":"follow","max-snippet":"max-snippet:-1","max-image-preview":"max-image-preview:large","max-video-preview":"max-video-preview:-1"},"canonical":"https:\/\/laveudeferro.com\/en\/accessibility\/","og_locale":"en_US","og_type":"article","og_title":"Accessibility - La Veu de Ferro","og_description":"Estudio y escuela de doblaje con d\u00e9cadas de experiencia en el sector. Doblamos pel\u00edculas, documentales, audiolibros, v\u00eddeos corporativos, voice over, y mucho m\u00e1s.","og_url":"https:\/\/laveudeferro.com\/en\/accessibility\/","og_site_name":"La Veu de Ferro","article_modified_time":"2024-03-27T06:45:07+00:00","og_image":[{"width":702,"height":355,"url":"https:\/\/laveudeferro.com\/wp-content\/uploads\/2024\/02\/Logo_lletres_negre_sense_fons.png","type":"image\/png"}],"twitter_card":"summary_large_image","twitter_misc":{"Est. reading time":"1 minute"},"schema":{"@context":"https:\/\/schema.org","@graph":[{"@type":"WebPage","@id":"https:\/\/laveudeferro.com\/en\/accessibility\/","url":"https:\/\/laveudeferro.com\/en\/accessibility\/","name":"Accessibility - La Veu de Ferro","isPartOf":{"@id":"https:\/\/laveudeferro.com\/en\/#website"},"datePublished":"2024-03-11T12:57:31+00:00","dateModified":"2024-03-27T06:45:07+00:00","description":"Estudio y escuela de doblaje con d\u00e9cadas de experiencia en el sector. Doblamos pel\u00edculas, documentales, audiolibros, v\u00eddeos corporativos, voice over, y mucho m\u00e1s.","breadcrumb":{"@id":"https:\/\/laveudeferro.com\/en\/accessibility\/#breadcrumb"},"inLanguage":"en-US","potentialAction":[{"@type":"ReadAction","target":["https:\/\/laveudeferro.com\/en\/accessibility\/"]}]},{"@type":"BreadcrumbList","@id":"https:\/\/laveudeferro.com\/en\/accessibility\/#breadcrumb","itemListElement":[{"@type":"ListItem","position":1,"name":"Portada","item":"https:\/\/laveudeferro.com\/en\/home\/"},{"@type":"ListItem","position":2,"name":"Accessibility"}]},{"@type":"WebSite","@id":"https:\/\/laveudeferro.com\/en\/#website","url":"https:\/\/laveudeferro.com\/en\/","name":"La Veu de Ferro","description":"Estudio y escuela de doblaje con d\u00e9cadas de experiencia en el sector.","publisher":{"@id":"https:\/\/laveudeferro.com\/en\/#organization"},"alternateName":"La Veu de Ferro","potentialAction":[{"@type":"SearchAction","target":{"@type":"EntryPoint","urlTemplate":"https:\/\/laveudeferro.com\/en\/?s={search_term_string}"},"query-input":"required name=search_term_string"}],"inLanguage":"en-US"},{"@type":"Organization","@id":"https:\/\/laveudeferro.com\/en\/#organization","name":"La Veu de Ferro","alternateName":"La Veu de Ferro","url":"https:\/\/laveudeferro.com\/en\/","logo":{"@type":"ImageObject","inLanguage":"en-US","@id":"https:\/\/laveudeferro.com\/en\/#\/schema\/logo\/image\/","url":"https:\/\/laveudeferro.com\/wp-content\/uploads\/2024\/02\/Logo_lletres_negre_sense_fons.png","contentUrl":"https:\/\/laveudeferro.com\/wp-content\/uploads\/2024\/02\/Logo_lletres_negre_sense_fons.png","width":702,"height":355,"caption":"La Veu de Ferro"},"image":{"@id":"https:\/\/laveudeferro.com\/en\/#\/schema\/logo\/image\/"}}]}},"_links":{"self":[{"href":"https:\/\/laveudeferro.com\/en\/wp-json\/wp\/v2\/pages\/1028"}],"collection":[{"href":"https:\/\/laveudeferro.com\/en\/wp-json\/wp\/v2\/pages"}],"about":[{"href":"https:\/\/laveudeferro.com\/en\/wp-json\/wp\/v2\/types\/page"}],"author":[{"embeddable":true,"href":"https:\/\/laveudeferro.com\/en\/wp-json\/wp\/v2\/users\/1"}],"replies":[{"embeddable":true,"href":"https:\/\/laveudeferro.com\/en\/wp-json\/wp\/v2\/comments?post=1028"}],"version-history":[{"count":3,"href":"https:\/\/laveudeferro.com\/en\/wp-json\/wp\/v2\/pages\/1028\/revisions"}],"predecessor-version":[{"id":1031,"href":"https:\/\/laveudeferro.com\/en\/wp-json\/wp\/v2\/pages\/1028\/revisions\/1031"}],"wp:attachment":[{"href":"https:\/\/laveudeferro.com\/en\/wp-json\/wp\/v2\/media?parent=1028"}],"curies":[{"name":"wp","href":"https:\/\/api.w.org\/{rel}","templated":true}]}}