{"id":859,"date":"2024-03-11T13:57:31","date_gmt":"2024-03-11T12:57:31","guid":{"rendered":"https:\/\/laveudeferro.com\/accessibilitat\/"},"modified":"2024-03-25T13:40:33","modified_gmt":"2024-03-25T12:40:33","slug":"accessibilitat","status":"publish","type":"page","link":"https:\/\/laveudeferro.com\/ca\/accessibilitat\/","title":{"rendered":"Accessibilitat"},"content":{"rendered":"\t\t<div data-elementor-type=\"wp-page\" data-elementor-id=\"859\" class=\"elementor elementor-859 elementor-463\" data-elementor-post-type=\"page\">\n\t\t\t\t<div class=\"elementor-element elementor-element-d02d2d1 e-flex e-con-boxed e-con e-parent\" data-id=\"d02d2d1\" data-element_type=\"container\" data-settings=\"{&quot;background_background&quot;:&quot;classic&quot;}\" data-core-v316-plus=\"true\">\n\t\t\t\t\t<div class=\"e-con-inner\">\n\t\t\t\t\t<\/div>\n\t\t\t\t<\/div>\n\t\t<div class=\"elementor-element elementor-element-6a7c0b8 e-flex e-con-boxed e-con e-parent\" data-id=\"6a7c0b8\" data-element_type=\"container\" data-core-v316-plus=\"true\">\n\t\t\t\t\t<div class=\"e-con-inner\">\n\t\t\t\t<div class=\"elementor-element elementor-element-56ee7e1 elementor-widget elementor-widget-heading\" data-id=\"56ee7e1\" data-element_type=\"widget\" data-widget_type=\"heading.default\">\n\t\t\t\t<div class=\"elementor-widget-container\">\n\t\t\t<style>\/*! elementor - v3.20.0 - 26-03-2024 *\/\n.elementor-heading-title{padding:0;margin:0;line-height:1}.elementor-widget-heading .elementor-heading-title[class*=elementor-size-]>a{color:inherit;font-size:inherit;line-height:inherit}.elementor-widget-heading .elementor-heading-title.elementor-size-small{font-size:15px}.elementor-widget-heading .elementor-heading-title.elementor-size-medium{font-size:19px}.elementor-widget-heading .elementor-heading-title.elementor-size-large{font-size:29px}.elementor-widget-heading .elementor-heading-title.elementor-size-xl{font-size:39px}.elementor-widget-heading .elementor-heading-title.elementor-size-xxl{font-size:59px}<\/style><h1 class=\"elementor-heading-title elementor-size-default\">Accessibilitat<\/h1>\t\t<\/div>\n\t\t\t\t<\/div>\n\t\t\t\t<div class=\"elementor-element elementor-element-3eb5570 elementor-widget elementor-widget-text-editor\" data-id=\"3eb5570\" data-element_type=\"widget\" data-widget_type=\"text-editor.default\">\n\t\t\t\t<div class=\"elementor-widget-container\">\n\t\t\t<style>\/*! elementor - v3.20.0 - 26-03-2024 *\/\n.elementor-widget-text-editor.elementor-drop-cap-view-stacked .elementor-drop-cap{background-color:#69727d;color:#fff}.elementor-widget-text-editor.elementor-drop-cap-view-framed .elementor-drop-cap{color:#69727d;border:3px solid;background-color:transparent}.elementor-widget-text-editor:not(.elementor-drop-cap-view-default) .elementor-drop-cap{margin-top:8px}.elementor-widget-text-editor:not(.elementor-drop-cap-view-default) .elementor-drop-cap-letter{width:1em;height:1em}.elementor-widget-text-editor .elementor-drop-cap{float:left;text-align:center;line-height:1;font-size:50px}.elementor-widget-text-editor .elementor-drop-cap-letter{display:inline-block}<\/style>\t\t\t\tVolem que tothom que visiti la web de La Veu de Ferro se senti benvingut i trobi l&#8217;experi\u00e8ncia gratificant.<br><br>\n\nQu\u00e8 estem fent?<br>\nPer ajudar-nos a fer del web de La Veu de Ferro un lloc positiu per a tothom, hem estat utilitzant les Directrius daccessibilitat al contingut web (WCAG) 2.1. Aquestes directrius expliquen com fer que el contingut web sigui m\u00e9s accessible per a persones amb discapacitat i f\u00e0cil dutilitzar per a tots. Les directrius tenen tres nivells daccessibilitat (A, AA i AAA). Hem escollit el nivell AA com a objectiu de la web de La Veu de Ferro.<br><br>\n\nCom ho fem?<br>\nHem treballat molt a la web de La Veu de Ferro i creiem que hem aconseguit el nostre objectiu d&#8217;accessibilitat de nivell AA. Supervisem el lloc web peri\u00f2dicament per mantenir-lo, per\u00f2 si trobeu algun problema, poseu-vos en contacte.<br><br>\n\nFeu-nos saber qu\u00e8 li sembla<br>\nSi us ha agradat utilitzar la web de La Veu de Ferro, o si heu tingut problemes amb alguna part, poseu-vos en contacte. Ens agradaria rebre not\u00edcies seves de qualsevol de les formes seg\u00fcents:<br><br>\n\nenvia&#8217;ns un correu electr\u00f2nic a info@laveudeferro.com<br>\ntruca&#8217;ns al 683609308<br>\nposa&#8217;t en contacte a <a style=\"text-align: var(--text-align); background-color: #; color:black\" href=\"https:\/\/laveudeferro.com\/contacto\/\" target=\"_blank\" rel=\"noopener\">https:\/\/laveudeferro.com\/ca\/contacte<\/a>\t\t\t\t\t\t<\/div>\n\t\t\t\t<\/div>\n\t\t\t\t\t<\/div>\n\t\t\t\t<\/div>\n\t\t\t\t<\/div>\n\t\t","protected":false},"excerpt":{"rendered":"<p>Accessibilitat Volem que tothom que visiti la web de La Veu de Ferro se senti benvingut i trobi l&#8217;experi\u00e8ncia gratificant. Qu\u00e8 estem fent? Per ajudar-nos a fer del web de La Veu de Ferro un lloc positiu per a tothom, hem estat utilitzant les Directrius daccessibilitat al contingut web (WCAG) 2.1. Aquestes directrius expliquen com [&hellip;]<\/p>\n","protected":false},"author":1,"featured_media":0,"parent":0,"menu_order":0,"comment_status":"closed","ping_status":"closed","template":"","meta":{"_acf_changed":false,"footnotes":""},"acf":[],"yoast_head":"<!-- This site is optimized with the Yoast SEO plugin v22.4 - https:\/\/yoast.com\/wordpress\/plugins\/seo\/ -->\n<title>Accessibilitat - La Veu de Ferro<\/title>\n<meta name=\"description\" content=\"Estudio y escuela de doblaje con d\u00e9cadas de experiencia en el sector. Doblamos pel\u00edculas, documentales, audiolibros, v\u00eddeos corporativos, voice over, y mucho m\u00e1s.\" \/>\n<meta name=\"robots\" content=\"index, follow, max-snippet:-1, max-image-preview:large, max-video-preview:-1\" \/>\n<link rel=\"canonical\" href=\"https:\/\/laveudeferro.com\/ca\/accessibilitat\/\" \/>\n<meta property=\"og:locale\" content=\"ca_ES\" \/>\n<meta property=\"og:type\" content=\"article\" \/>\n<meta property=\"og:title\" content=\"Accessibilitat - La Veu de Ferro\" \/>\n<meta property=\"og:description\" content=\"Estudio y escuela de doblaje con d\u00e9cadas de experiencia en el sector. Doblamos pel\u00edculas, documentales, audiolibros, v\u00eddeos corporativos, voice over, y mucho m\u00e1s.\" \/>\n<meta property=\"og:url\" content=\"https:\/\/laveudeferro.com\/ca\/accessibilitat\/\" \/>\n<meta property=\"og:site_name\" content=\"La Veu de Ferro\" \/>\n<meta property=\"article:modified_time\" content=\"2024-03-25T12:40:33+00:00\" \/>\n<meta property=\"og:image\" content=\"https:\/\/laveudeferro.com\/wp-content\/uploads\/2024\/02\/Logo_lletres_negre_sense_fons.png\" \/>\n\t<meta property=\"og:image:width\" content=\"702\" \/>\n\t<meta property=\"og:image:height\" content=\"355\" \/>\n\t<meta property=\"og:image:type\" content=\"image\/png\" \/>\n<meta name=\"twitter:card\" content=\"summary_large_image\" \/>\n<meta name=\"twitter:label1\" content=\"Temps estimat de lectura\" \/>\n\t<meta name=\"twitter:data1\" content=\"1 minut\" \/>\n<script type=\"application\/ld+json\" class=\"yoast-schema-graph\">{\"@context\":\"https:\/\/schema.org\",\"@graph\":[{\"@type\":\"WebPage\",\"@id\":\"https:\/\/laveudeferro.com\/ca\/accessibilitat\/\",\"url\":\"https:\/\/laveudeferro.com\/ca\/accessibilitat\/\",\"name\":\"Accessibilitat - La Veu de Ferro\",\"isPartOf\":{\"@id\":\"https:\/\/laveudeferro.com\/ca\/#website\"},\"datePublished\":\"2024-03-11T12:57:31+00:00\",\"dateModified\":\"2024-03-25T12:40:33+00:00\",\"description\":\"Estudio y escuela de doblaje con d\u00e9cadas de experiencia en el sector. Doblamos pel\u00edculas, documentales, audiolibros, v\u00eddeos corporativos, voice over, y mucho m\u00e1s.\",\"breadcrumb\":{\"@id\":\"https:\/\/laveudeferro.com\/ca\/accessibilitat\/#breadcrumb\"},\"inLanguage\":\"ca\",\"potentialAction\":[{\"@type\":\"ReadAction\",\"target\":[\"https:\/\/laveudeferro.com\/ca\/accessibilitat\/\"]}]},{\"@type\":\"BreadcrumbList\",\"@id\":\"https:\/\/laveudeferro.com\/ca\/accessibilitat\/#breadcrumb\",\"itemListElement\":[{\"@type\":\"ListItem\",\"position\":1,\"name\":\"Portada\",\"item\":\"https:\/\/laveudeferro.com\/ca\/inici\/\"},{\"@type\":\"ListItem\",\"position\":2,\"name\":\"Accessibilitat\"}]},{\"@type\":\"WebSite\",\"@id\":\"https:\/\/laveudeferro.com\/ca\/#website\",\"url\":\"https:\/\/laveudeferro.com\/ca\/\",\"name\":\"La Veu de Ferro\",\"description\":\"Estudio y escuela de doblaje con d\u00e9cadas de experiencia en el sector. Doblamos pel\u00edculas, documentales, audiolibros, v\u00eddeos corporativos, voice over, y mucho m\u00e1s.\",\"publisher\":{\"@id\":\"https:\/\/laveudeferro.com\/ca\/#organization\"},\"alternateName\":\"La Veu de Ferro\",\"potentialAction\":[{\"@type\":\"SearchAction\",\"target\":{\"@type\":\"EntryPoint\",\"urlTemplate\":\"https:\/\/laveudeferro.com\/ca\/?s={search_term_string}\"},\"query-input\":\"required name=search_term_string\"}],\"inLanguage\":\"ca\"},{\"@type\":\"Organization\",\"@id\":\"https:\/\/laveudeferro.com\/ca\/#organization\",\"name\":\"La Veu de Ferro\",\"alternateName\":\"La Veu de Ferro\",\"url\":\"https:\/\/laveudeferro.com\/ca\/\",\"logo\":{\"@type\":\"ImageObject\",\"inLanguage\":\"ca\",\"@id\":\"https:\/\/laveudeferro.com\/ca\/#\/schema\/logo\/image\/\",\"url\":\"https:\/\/laveudeferro.com\/wp-content\/uploads\/2024\/02\/Logo_lletres_negre_sense_fons.png\",\"contentUrl\":\"https:\/\/laveudeferro.com\/wp-content\/uploads\/2024\/02\/Logo_lletres_negre_sense_fons.png\",\"width\":702,\"height\":355,\"caption\":\"La Veu de Ferro\"},\"image\":{\"@id\":\"https:\/\/laveudeferro.com\/ca\/#\/schema\/logo\/image\/\"}}]}<\/script>\n<!-- \/ Yoast SEO plugin. -->","yoast_head_json":{"title":"Accessibilitat - La Veu de Ferro","description":"Estudio y escuela de doblaje con d\u00e9cadas de experiencia en el sector. Doblamos pel\u00edculas, documentales, audiolibros, v\u00eddeos corporativos, voice over, y mucho m\u00e1s.","robots":{"index":"index","follow":"follow","max-snippet":"max-snippet:-1","max-image-preview":"max-image-preview:large","max-video-preview":"max-video-preview:-1"},"canonical":"https:\/\/laveudeferro.com\/ca\/accessibilitat\/","og_locale":"ca_ES","og_type":"article","og_title":"Accessibilitat - La Veu de Ferro","og_description":"Estudio y escuela de doblaje con d\u00e9cadas de experiencia en el sector. Doblamos pel\u00edculas, documentales, audiolibros, v\u00eddeos corporativos, voice over, y mucho m\u00e1s.","og_url":"https:\/\/laveudeferro.com\/ca\/accessibilitat\/","og_site_name":"La Veu de Ferro","article_modified_time":"2024-03-25T12:40:33+00:00","og_image":[{"width":702,"height":355,"url":"https:\/\/laveudeferro.com\/wp-content\/uploads\/2024\/02\/Logo_lletres_negre_sense_fons.png","type":"image\/png"}],"twitter_card":"summary_large_image","twitter_misc":{"Temps estimat de lectura":"1 minut"},"schema":{"@context":"https:\/\/schema.org","@graph":[{"@type":"WebPage","@id":"https:\/\/laveudeferro.com\/ca\/accessibilitat\/","url":"https:\/\/laveudeferro.com\/ca\/accessibilitat\/","name":"Accessibilitat - La Veu de Ferro","isPartOf":{"@id":"https:\/\/laveudeferro.com\/ca\/#website"},"datePublished":"2024-03-11T12:57:31+00:00","dateModified":"2024-03-25T12:40:33+00:00","description":"Estudio y escuela de doblaje con d\u00e9cadas de experiencia en el sector. Doblamos pel\u00edculas, documentales, audiolibros, v\u00eddeos corporativos, voice over, y mucho m\u00e1s.","breadcrumb":{"@id":"https:\/\/laveudeferro.com\/ca\/accessibilitat\/#breadcrumb"},"inLanguage":"ca","potentialAction":[{"@type":"ReadAction","target":["https:\/\/laveudeferro.com\/ca\/accessibilitat\/"]}]},{"@type":"BreadcrumbList","@id":"https:\/\/laveudeferro.com\/ca\/accessibilitat\/#breadcrumb","itemListElement":[{"@type":"ListItem","position":1,"name":"Portada","item":"https:\/\/laveudeferro.com\/ca\/inici\/"},{"@type":"ListItem","position":2,"name":"Accessibilitat"}]},{"@type":"WebSite","@id":"https:\/\/laveudeferro.com\/ca\/#website","url":"https:\/\/laveudeferro.com\/ca\/","name":"La Veu de Ferro","description":"Estudio y escuela de doblaje con d\u00e9cadas de experiencia en el sector. Doblamos pel\u00edculas, documentales, audiolibros, v\u00eddeos corporativos, voice over, y mucho m\u00e1s.","publisher":{"@id":"https:\/\/laveudeferro.com\/ca\/#organization"},"alternateName":"La Veu de Ferro","potentialAction":[{"@type":"SearchAction","target":{"@type":"EntryPoint","urlTemplate":"https:\/\/laveudeferro.com\/ca\/?s={search_term_string}"},"query-input":"required name=search_term_string"}],"inLanguage":"ca"},{"@type":"Organization","@id":"https:\/\/laveudeferro.com\/ca\/#organization","name":"La Veu de Ferro","alternateName":"La Veu de Ferro","url":"https:\/\/laveudeferro.com\/ca\/","logo":{"@type":"ImageObject","inLanguage":"ca","@id":"https:\/\/laveudeferro.com\/ca\/#\/schema\/logo\/image\/","url":"https:\/\/laveudeferro.com\/wp-content\/uploads\/2024\/02\/Logo_lletres_negre_sense_fons.png","contentUrl":"https:\/\/laveudeferro.com\/wp-content\/uploads\/2024\/02\/Logo_lletres_negre_sense_fons.png","width":702,"height":355,"caption":"La Veu de Ferro"},"image":{"@id":"https:\/\/laveudeferro.com\/ca\/#\/schema\/logo\/image\/"}}]}},"_links":{"self":[{"href":"https:\/\/laveudeferro.com\/ca\/wp-json\/wp\/v2\/pages\/859"}],"collection":[{"href":"https:\/\/laveudeferro.com\/ca\/wp-json\/wp\/v2\/pages"}],"about":[{"href":"https:\/\/laveudeferro.com\/ca\/wp-json\/wp\/v2\/types\/page"}],"author":[{"embeddable":true,"href":"https:\/\/laveudeferro.com\/ca\/wp-json\/wp\/v2\/users\/1"}],"replies":[{"embeddable":true,"href":"https:\/\/laveudeferro.com\/ca\/wp-json\/wp\/v2\/comments?post=859"}],"version-history":[{"count":3,"href":"https:\/\/laveudeferro.com\/ca\/wp-json\/wp\/v2\/pages\/859\/revisions"}],"predecessor-version":[{"id":862,"href":"https:\/\/laveudeferro.com\/ca\/wp-json\/wp\/v2\/pages\/859\/revisions\/862"}],"wp:attachment":[{"href":"https:\/\/laveudeferro.com\/ca\/wp-json\/wp\/v2\/media?parent=859"}],"curies":[{"name":"wp","href":"https:\/\/api.w.org\/{rel}","templated":true}]}}